{"id":45,"date":"2022-01-26T17:45:32","date_gmt":"2022-01-26T17:45:32","guid":{"rendered":"https:\/\/awb.fint.dev\/?page_id=45"},"modified":"2022-05-19T09:30:42","modified_gmt":"2022-05-19T07:30:42","slug":"datenschutz","status":"publish","type":"page","link":"https:\/\/architekturwochebasel.ch\/2022\/datenschutz\/","title":{"rendered":"Datenschutz"},"content":{"rendered":"<p>Wir bem\u00fchen uns, die Informationen so genau und aktuell wie m\u00f6glich darzustellen. Die Inhalte wurden sorgf\u00e4ltig zusammengestellt. Trotzdem k\u00f6nnen Fehler auftreten. Die Stiftung Architektur Dialoge \u00fcbernimmt keine Gew\u00e4hr und Haftung f\u00fcr die Richtigkeit, Zuverl\u00e4ssigkeit, Vollst\u00e4ndigkeit und Aktualit\u00e4t der Informationen auf dieser und\/oder auf verlinkten Websites.<\/p>\n<p><strong>Anonyme Datenerhebung und -bearbeitung<\/strong><br \/>\nSoweit in den folgenden Abschnitten nicht anders angegeben, werden bei der Nutzung unserer Website keine personenbezogenen Daten erhoben, verarbeitet oder genutzt. Bestimmte technische Informationen \u00fcber die Nutzung beziehen wir jedoch aus dem Webaccess-Log und von Google Analytics anhand der von Ihrem Browser \u00fcbermittelten Daten (z.B. Browsertyp\/-version, verwendetes Betriebssystem, besuchte Webseiten auf unserer Seite inkl. Dauer des Besuchs, zuvor besuchte Webseite). Diese Informationen werten wir nur zu statistischen Zwecken aus. Sie werden periodisch gel\u00f6scht.<\/p>\n<p><strong>Newsletterdaten<\/strong><br \/>\nWenn Sie den auf der Website angebotenen Newsletter beziehen m\u00f6chten, ben\u00f6tigen wir von Ihnen eine E-Mail-Adresse sowie Informationen, welche uns die \u00dcberpr\u00fcfung gestatten, dass Sie der Inhaber der angegebenen E-Mail-Adresse sind und mit dem Empfang des Newsletters einverstanden. Diese Daten verwenden wir ausschliesslich f\u00fcr den Versand der angeforderten Informationen und geben diese nicht an Dritte weiter.<\/p>\n<p>Die Verarbeitung der eingegebenen Daten erfolgt ausschliesslich auf Grundlage Ihrer Einwilligung. Die erteilte Einwilligung zur Speicherung der Daten, der E-Mail-Adresse sowie deren Nutzung zum Versand des Newsletters k\u00f6nnen Sie jederzeit widerrufen, etwa \u00fcber den \u201eAustragen\u201c-Link im Newsletter. Die Rechtm\u00e4ssigkeit der bereits erfolgten Datenverarbeitungsvorg\u00e4nge bleibt vom Widerruf unber\u00fchrt.<\/p>\n<p>Die von Ihnen zum Zwecke des Newsletter-Bezugs bei uns hinterlegten Daten werden bis zu Ihrer Austragung aus dem Newsletter gespeichert und nach der Abbestellung des Newsletters gel\u00f6scht. Wir behalten uns vor, E-Mail-Adressen aus unserem Newsletterverteiler nach eigenem Ermessen zu l\u00f6schen oder zu sperren.<\/p>\n<p>Nach Ihrer Austragung aus der Newsletterverteilerliste wird Ihre E-Mail-Adresse ggf. in einer Blacklist gespeichert, um k\u00fcnftige Mailings zu verhindern. Die Daten aus der Blacklist werden nur f\u00fcr diesen Zweck verwendet und nicht mit anderen Daten zusammengef\u00fchrt. Die Speicherung in der Blacklist ist zeitlich nicht befristet. Sie k\u00f6nnen der Speicherung widersprechen, sofern Ihre Interessen unser berechtigtes Interesse \u00fcberwiegen.<\/p>\n<p><strong>MailChimp<br \/>\n<\/strong>Diese Website nutzt die Dienste von MailChimp f\u00fcr den Versand von Newslettern. Anbieter ist die Rocket Science Group LLC, 675 Ponce De Leon Ave NE, Suite 5000, Atlanta, GA 30308, USA.<\/p>\n<p>MailChimp ist ein Dienst, mit dem u.a. der Versand von Newslettern organisiert und analysiert werden kann. Wenn Sie Daten zum Zwecke des Newsletterbezugs eingeben (z. B. E-Mail-Adresse), werden diese auf den Servern von MailChimp in den USA gespeichert.<\/p>\n<p>Mit Hilfe von MailChimp k\u00f6nnen wir unsere Newsletterkampagnen analysieren. Wenn Sie eine mit MailChimp versandte E-Mail \u00f6ffnen, verbindet sich eine in der E-Mail enthaltene Datei (sog. web-beacon) mit den Servern von MailChimp in den USA. So kann festgestellt werden, ob eine Newsletter-Nachricht ge\u00f6ffnet und welche Links ggf. angeklickt wurden. Ausserdem werden technische Informationen erfasst. Diese Informationen k\u00f6nnen nicht dem jeweiligen Newsletter-Empf\u00e4nger zugeordnet werden. Sie dienen ausschliesslich der statistischen Analyse von Newsletterkampagnen. Die Ergebnisse dieser Analysen k\u00f6nnen genutzt werden, um k\u00fcnftige Newsletter besser an die Interessen der Empf\u00e4nger anzupassen. Wenn Sie keine Analyse durch MailChimp wollen, m\u00fcssen Sie den Newsletter abbestellen. Hierf\u00fcr stellen wir in jeder Newsletternachricht einen entsprechenden Link zur Verf\u00fcgung. Die Daten\u00fcbertragung in die USA wird auf die Standardvertragsklauseln der EU-Kommission gest\u00fctzt. Details finden Sie hier: https:\/\/mailchimp.com\/eu-us-data-transfer-statement\/ und https:\/\/mailchimp.com\/legal\/data-processing-addendum\/#Annex_C_-_Standard_Contractual_Clauses.<\/p>\n<p>Abschluss eines Data-Processing-Agreements<br \/>\nWir haben ein sog. \u201eData-Processing-Agreement\u201c mit MailChimp abgeschlossen, in dem wir MailChimp verpflichten, die Daten unserer Kunden zu sch\u00fctzen und sie nicht an Dritte weiterzugeben.<\/p>\n<p><strong>Cookies<\/strong><br \/>\nZur Verbesserung unseres Webangebots setzen wir auch sogenannte Cookies ein. Cookies sind Textinformationsdateien, die Ihr Webbrowser auf Ihrem Computer speichert, wenn Sie eine unserer Websites \u00f6ffnen. Wir verwenden diese Cookie-Technologie, um unsere Websites auf Ihre Pr\u00e4ferenzen zuzuschneiden. Wenn Sie die Verwendung von Cookies verhindern wollen, k\u00f6nnen Sie die Annahme von Cookies in Ihrem Browser verweigern. Wie das im Einzelnen funktioniert, entnehmen Sie bitte der Anleitung Ihres Browser-Herstellers. Wir erheben personenbezogene Daten, wenn Sie uns diese freiwillig zur Verf\u00fcgung stellen, zum Beispiel wenn Sie mit uns Kontakt aufnehmen. Die uns auf diese Weise \u00fcbermittelten personenbezogenen Daten werden nur f\u00fcr die direkte Kommunikation mit Ihnen verwendet. Eine Weitergabe dieser Informationen erfolgt ausdr\u00fccklich auf freiwilliger Basis und mit Ihrer Zustimmung. Soweit sich diese Angaben auf Kommunikationskan\u00e4le (z.B. E-Mail-Adresse, Telefonnummer) beziehen, erkl\u00e4ren Sie sich auch damit einverstanden, dass wir Sie \u00fcber diesen Kommunikationskanal kontaktieren d\u00fcrfen.<\/p>\n<p><strong>Verwendung von Google Maps<\/strong><br \/>\nDiese Website nutzt das Angebot von Google Maps. Dadurch k\u00f6nnen wir Ihnen interaktive Karten direkt in der Website anzeigen und erm\u00f6glichen Ihnen die komfortable Nutzung der Karten-Funktion. Durch den Besuch auf der Website erh\u00e4lt Google die Information, dass Sie die entsprechende Unterseite unserer Website aufgerufen haben. Dies erfolgt unabh\u00e4ngig davon, ob Google ein Nutzerkonto bereitstellt, \u00fcber das Sie eingeloggt sind, oder ob kein Nutzerkonto besteht. Wenn Sie bei Google eingeloggt sind, werden Ihre Daten direkt Ihrem Konto zugeordnet. Wenn Sie die Zuordnung mit Ihrem Profil bei Google nicht w\u00fcnschen, m\u00fcssen Sie sich vor Aktivierung des Buttons ausloggen. Google speichert Ihre Daten als Nutzungsprofile und nutzt sie f\u00fcr Zwecke der Werbung, Marktforschung und\/oder bedarfsgerechten Gestaltung seiner Website. Eine solche Auswertung erfolgt insbesondere (selbst f\u00fcr nicht eingeloggte Nutzer) zur Erbringung von bedarfsgerechter Werbung und um andere Nutzer des sozialen Netzwerks \u00fcber Ihre Aktivit\u00e4ten auf unserer Website zu informieren. Ihnen steht ein Widerspruchsrecht zu gegen die Bildung dieser Nutzerprofile, wobei Sie sich zur Aus\u00fcbung dessen an Google richten m\u00fcssen. Weitere Informationen zu Zweck und Umfang der Datenerhebung und ihrer Verarbeitung durch Google erhalten Sie neben weiteren Informationen zu Ihren diesbez\u00fcglichen Rechten und Einstellungsm\u00f6glichkeiten zum Schutze Ihrer Privatsph\u00e4re unter: www.google.de\/intl\/de\/policies\/privacy.<\/p>\n<p><strong>Datenschutzerkl\u00e4rung f\u00fcr Google Analytics<\/strong><br \/>\nDiese Website benutzt Google Analytics, einen Webanalysedienst der Google Ireland Limited. Wenn der Verantwortliche f\u00fcr die Datenverarbeitung auf dieser Website ausserhalb des Europ\u00e4ischen Wirtschaftsraumes oder der Schweiz sitzt, dann erfolgt die Google Analytics Datenverarbeitung durch Google LLC. Google LLC und Google Ireland Limited werden nachfolgend \u00abGoogle\u00bb genannt.<\/p>\n<p>\u00dcber die gewonnenen Statistiken k\u00f6nnen wir unser Angebot verbessern und f\u00fcr Sie als Nutzer interessanter ausgestalten. Diese Website verwendet Google Analytics zudem f\u00fcr eine ger\u00e4te\u00fcbergreifende Analyse von Besucherstr\u00f6men, die \u00fcber eine User-ID durchgef\u00fchrt wird. Sofern Sie \u00fcber ein Google-Benutzerkonto verf\u00fcgen, k\u00f6nnen Sie in den dortigen Einstellungen unter \u00abMeine Daten\u00bb, \u00abpers\u00f6nliche Daten\u00bb die ger\u00e4te\u00fcbergreifende Analyse Ihrer Nutzung deaktivieren.<\/p>\n<p>Rechtsgrundlage f\u00fcr die Nutzung von Google Analytics ist Art. 6 Abs. 1 S. 1 lit. f DS-GVO. Die im Rahmen von Google Analytics von Ihrem Browser \u00fcbermittelte IP-Adresse wird nicht mit anderen Daten von Google zusammengef\u00fchrt. Wir weisen Sie darauf hin, dass auf dieser Website Google Analytics um den Code \u00ab_anonymizeIp();\u00bb erweitert wurde, um eine anonymisierte Erfassung von IP-Adressen zu gew\u00e4hrleisten. Dadurch werden IP-Adressen gek\u00fcrzt weiterverarbeitet, eine Personenbeziehbarkeit kann damit ausgeschlossen werden. Soweit den \u00fcber Sie erhobenen Daten ein Personenbezug zukommt, wird dieser also sofort ausgeschlossen und die personenbezogenen Daten damit umgehend gel\u00f6scht.<\/p>\n<p>Nur in Ausnahmef\u00e4llen wird die volle IP-Adresse an einen Server von Google in den USA \u00fcbertragen und dort gek\u00fcrzt. Im Auftrag des Betreibers dieser Website wird Google diese Informationen benutzen, um Ihre Nutzung der Website auszuwerten, um Reports \u00fcber die Websitenaktivit\u00e4ten zusammenzustellen und um weitere mit der Websitennutzung und der Internetnutzung verbundene Dienstleistungen gegen\u00fcber dem Websitenbetreiber zu erbringen.<\/p>\n<p>Google Analytics verwendet Cookies. Die durch den Cookie erzeugten Informationen \u00fcber Ihre Benutzung dieser Website werden in der Regel an einen Server von Google in den USA \u00fcbertragen und dort gespeichert. Sie k\u00f6nnen die Speicherung der Cookies durch eine entsprechende Einstellung Ihrer Browser-Software verhindern; wir weisen Sie jedoch darauf hin, dass Sie in diesem Fall gegebenenfalls nicht s\u00e4mtliche Funktionen dieser Website vollumf\u00e4nglich werden nutzen k\u00f6nnen. Sie k\u00f6nnen dar\u00fcber hinaus die Erfassung der durch das Cookie erzeugten und auf Ihre Nutzung der Website bezogenen Daten (inkl. Ihrer IP-Adresse) an Google sowie die Verarbeitung dieser Daten durch Google verhindern, indem sie das unter dem folgenden Link verf\u00fcgbare Browser-Plugin herunterladen und installieren: Google Analytics deaktivieren.<\/p>\n<p>Ausserdem k\u00f6nnen Sie die Nutzung von Google Analytics auch verhindern, indem sie auf diesen Link klicken: Google Analytics deaktivieren. Hierdurch wird ein sog. opt-out Cookie auf ihrem Datentr\u00e4ger gespeichert, der die Verarbeitung personenbezogener Daten durch Google Analytics verhindert. Bitte beachten Sie, dass bei einem L\u00f6schen s\u00e4mtlicher Cookies auf Ihrem Endger\u00e4t auch diese Opt-out-Cookies gel\u00f6scht werden, d.h., dass Sie erneut die Opt-out-Cookies setzen m\u00fcssen, wenn Sie weiterhin diese Form der Datenerhebung verhindern wollen. Die Opt-out-Cookies sind pro Browser und Rechner\/Endger\u00e4t gesetzt und m\u00fcssen daher f\u00fcr jeden Browser, Rechner oder anderes Endger\u00e4t gesondert aktiviert werden.<\/p>\n<p><strong>Sicherheit<\/strong><br \/>\nWir haben umfangreiche technische und betriebliche Vorkehrungen getroffen, um Ihre Daten gegen zuf\u00e4llige oder vors\u00e4tzliche Manipulationen, Verlust, Zerst\u00f6rung oder gegen den Zugriff unberechtigter Personen zu sch\u00fctzen. Unsere Sicherheitsmassnahmen wurden regelm\u00e4ssig \u00fcberpr\u00fcft und an den technologischen Fortschritt angepasst.<\/p>\n<p><strong>Keine Daten\u00fcbermittlung an Dritte<br \/>\n<\/strong>Ihre Daten werden nicht an Dritte weitergegeben, es sei denn, wir sind dazu gesetzlich verpflichtet. Soweit externe Dienstleister mit Ihren personenbezogenen Daten in Ber\u00fchrung kommen, haben wir durch rechtliche, technische und organisatorische Massnahmen sowie durch regelm\u00e4ssige Kontrollen sichergestellt, dass diese die Vorschriften der Datenschutzgesetze einhalten.<\/p>\n<p><strong>Recht auf Auskunft<\/strong><br \/>\nSie haben das Recht, sich bei uns jederzeit kostenlos Auskunft \u00fcber die bei uns zu Ihrer Person gespeicherten Daten einzuholen, diese zu korrigieren, zu sperren oder l\u00f6schen zu lassen. Bitte wenden Sie sich hierzu an:<\/p>\n<p>Architektur Dialoge<br \/>\nPlattform f\u00fcr Baukultur<br \/>\nAustrasse 24<br \/>\nCH-4051 Basel<br \/>\n<a href=\"javascript:DeCryptX('0i0n3i1p2B1b3u3f3k0i2v3h1l2v0u3u3g2k0a2n3r3j1f203f1i')\">i&#110;f&#111;&#64;arc&#104;&#105;tekt&#117;&#114;&#100;i&#97;&#108;o&#103;&#101;.&#99;h<\/a><br \/>\nwww.architekturdialoge.ch<\/p>\n<p><strong>Allgemeiner Haftungsausschluss<\/strong><br \/>\nAlle Angaben auf unserer Website wurden sorgf\u00e4ltig gepr\u00fcft. Wir bem\u00fchen uns, das Webangebot stets aktuell und inhaltlich richtig sowie vollst\u00e4ndig anzubieten. Dennoch ist das Auftreten von Fehlern nicht v\u00f6llig auszuschliessen, so dass wir f\u00fcr die Vollst\u00e4ndigkeit, Richtigkeit und Aktualit\u00e4t der Informationen, auch journalistisch-redaktioneller Art, keine Gew\u00e4hr \u00fcbernehmen k\u00f6nnen. Haftungsanspr\u00fcche, die sich auf Sch\u00e4den materieller oder ideeller Art beziehen, welche durch die Nutzung der dargebotenen Informationen verursacht wurden, sind ausgeschlossen, sofern kein nachweislich vors\u00e4tzliches oder grob fahrl\u00e4ssiges Verschulden vorliegt. Der Herausgeber kann Texte nach eigenem Ermessen und ohne vorherige Ank\u00fcndigung \u00e4ndern oder l\u00f6schen und ist nicht dazu verpflichtet, die Inhalte dieser Website zu aktualisieren. Die Nutzung oder der Zugang zu dieser Website erfolgt auf eigenes Risiko des Besuchers. Der Herausgeber, seine Kunden oder Partner sind nicht verantwortlich f\u00fcr Sch\u00e4den, wie z.B. direkte, indirekte, zuf\u00e4llige, vorhersehbare oder Folgesch\u00e4den, die angeblich durch den Besuch dieser Website verursacht werden, und \u00fcbernehmen daher keine Haftung. Der Herausgeber \u00fcbernimmt auch keine Verantwortung und Haftung f\u00fcr die Inhalte und Verf\u00fcgbarkeit von Websites Dritter, die \u00fcber externe Links von dieser Website aus erreicht werden k\u00f6nnen. F\u00fcr den Inhalt der verlinkten Seiten sind ausschliesslich deren Betreiber verantwortlich. Der Herausgeber distanziert sich hiermit ausdr\u00fccklich von allen Inhalten Dritter, die m\u00f6glicherweise straf- oder haftungsrechtlich relevant sind oder gegen die guten Sitten verstossen.<\/p>\n<p><strong>Links zu anderen Websites<\/strong><br \/>\nUnsere Website enth\u00e4lt Links zu verschiedenen Websites, auf die sich diese Datenschutzerkl\u00e4rung nicht erstreckt. Soweit mit der Nutzung der Internetseiten anderer Anbieter die Erhebung, Verarbeitung oder Nutzung personenbezogener Daten verbunden ist, beachten Sie bitte die dortigen Datenschutzhinweise.<\/p>\n<p><strong>\u00c4nderungen der Datenschutzerkl\u00e4rung<\/strong><br \/>\nWir behalten uns vor, diese Datenschutzerkl\u00e4rung jederzeit unter Beachtung der geltenden datenschutzrechtlichen Bestimmungen zu \u00e4ndern.<\/p>\n","protected":false},"excerpt":{"rendered":"<p>Wir bem\u00fchen uns, die Informationen so genau und aktuell wie m\u00f6glich darzustellen. Die Inhalte wurden sorgf\u00e4ltig zusammengestellt. Trotzdem k\u00f6nnen Fehler auftreten. Die Stiftung Architektur Dialoge \u00fcbernimmt keine Gew\u00e4hr und Haftung f\u00fcr die Richtigkeit, Zuverl\u00e4ssigkeit, Vollst\u00e4ndigkeit und Aktualit\u00e4t der Informationen auf dieser und\/oder auf verlinkten Websites. Anonyme Datenerhebung und -bearbeitung Soweit in den folgenden Abschnitten nicht &hellip; <a href=\"https:\/\/architekturwochebasel.ch\/2022\/datenschutz\/\">Continued<\/a><\/p>\n","protected":false},"author":1,"featured_media":0,"parent":0,"menu_order":22,"comment_status":"closed","ping_status":"closed","template":"","meta":{"_acf_changed":false,"footnotes":""},"class_list":["post-45","page","type-page","status-publish","hentry"],"acf":[],"yoast_head":"<!-- This site is optimized with the Yoast SEO plugin v22.9 - https:\/\/yoast.com\/wordpress\/plugins\/seo\/ -->\n<title>Datenschutz - Architekturwoche Basel<\/title>\n<meta name=\"robots\" content=\"index, follow, max-snippet:-1, max-image-preview:large, max-video-preview:-1\" \/>\n<link rel=\"canonical\" href=\"https:\/\/architekturwochebasel.ch\/2022\/datenschutz\/\" \/>\n<meta property=\"og:locale\" content=\"de_DE\" \/>\n<meta property=\"og:type\" content=\"article\" \/>\n<meta property=\"og:title\" content=\"Datenschutz - Architekturwoche Basel\" \/>\n<meta property=\"og:description\" content=\"Wir bem\u00fchen uns, die Informationen so genau und aktuell wie m\u00f6glich darzustellen. Die Inhalte wurden sorgf\u00e4ltig zusammengestellt. Trotzdem k\u00f6nnen Fehler auftreten. Die Stiftung Architektur Dialoge \u00fcbernimmt keine Gew\u00e4hr und Haftung f\u00fcr die Richtigkeit, Zuverl\u00e4ssigkeit, Vollst\u00e4ndigkeit und Aktualit\u00e4t der Informationen auf dieser und\/oder auf verlinkten Websites. Anonyme Datenerhebung und -bearbeitung Soweit in den folgenden Abschnitten nicht &hellip; Continued\" \/>\n<meta property=\"og:url\" content=\"https:\/\/architekturwochebasel.ch\/2022\/datenschutz\/\" \/>\n<meta property=\"og:site_name\" content=\"Architekturwoche Basel\" \/>\n<meta property=\"article:modified_time\" content=\"2022-05-19T07:30:42+00:00\" \/>\n<meta name=\"twitter:card\" content=\"summary_large_image\" \/>\n<meta name=\"twitter:label1\" content=\"Gesch\u00e4tzte Lesezeit\" \/>\n\t<meta name=\"twitter:data1\" content=\"10\u00a0Minuten\" \/>\n<script type=\"application\/ld+json\" class=\"yoast-schema-graph\">{\"@context\":\"https:\/\/schema.org\",\"@graph\":[{\"@type\":\"WebPage\",\"@id\":\"https:\/\/architekturwochebasel.ch\/2022\/datenschutz\/\",\"url\":\"https:\/\/architekturwochebasel.ch\/2022\/datenschutz\/\",\"name\":\"Datenschutz - Architekturwoche Basel\",\"isPartOf\":{\"@id\":\"https:\/\/architekturwochebasel.ch\/2022\/#website\"},\"datePublished\":\"2022-01-26T17:45:32+00:00\",\"dateModified\":\"2022-05-19T07:30:42+00:00\",\"breadcrumb\":{\"@id\":\"https:\/\/architekturwochebasel.ch\/2022\/datenschutz\/#breadcrumb\"},\"inLanguage\":\"de-CH\",\"potentialAction\":[{\"@type\":\"ReadAction\",\"target\":[\"https:\/\/architekturwochebasel.ch\/2022\/datenschutz\/\"]}]},{\"@type\":\"BreadcrumbList\",\"@id\":\"https:\/\/architekturwochebasel.ch\/2022\/datenschutz\/#breadcrumb\",\"itemListElement\":[{\"@type\":\"ListItem\",\"position\":1,\"name\":\"Home\",\"item\":\"https:\/\/architekturwochebasel.ch\/2022\/en\/home\/\"},{\"@type\":\"ListItem\",\"position\":2,\"name\":\"Datenschutz\"}]},{\"@type\":\"WebSite\",\"@id\":\"https:\/\/architekturwochebasel.ch\/2022\/#website\",\"url\":\"https:\/\/architekturwochebasel.ch\/2022\/\",\"name\":\"Architekturwoche Basel\",\"description\":\"Die neue biennale Plattform f\u00fcr Architektur und Stadtentwicklung\",\"potentialAction\":[{\"@type\":\"SearchAction\",\"target\":{\"@type\":\"EntryPoint\",\"urlTemplate\":\"https:\/\/architekturwochebasel.ch\/2022\/?s={search_term_string}\"},\"query-input\":\"required name=search_term_string\"}],\"inLanguage\":\"de-CH\"}]}<\/script>\n<!-- \/ Yoast SEO plugin. -->","yoast_head_json":{"title":"Datenschutz - Architekturwoche Basel","robots":{"index":"index","follow":"follow","max-snippet":"max-snippet:-1","max-image-preview":"max-image-preview:large","max-video-preview":"max-video-preview:-1"},"canonical":"https:\/\/architekturwochebasel.ch\/2022\/datenschutz\/","og_locale":"de_DE","og_type":"article","og_title":"Datenschutz - Architekturwoche Basel","og_description":"Wir bem\u00fchen uns, die Informationen so genau und aktuell wie m\u00f6glich darzustellen. Die Inhalte wurden sorgf\u00e4ltig zusammengestellt. Trotzdem k\u00f6nnen Fehler auftreten. Die Stiftung Architektur Dialoge \u00fcbernimmt keine Gew\u00e4hr und Haftung f\u00fcr die Richtigkeit, Zuverl\u00e4ssigkeit, Vollst\u00e4ndigkeit und Aktualit\u00e4t der Informationen auf dieser und\/oder auf verlinkten Websites. Anonyme Datenerhebung und -bearbeitung Soweit in den folgenden Abschnitten nicht &hellip; Continued","og_url":"https:\/\/architekturwochebasel.ch\/2022\/datenschutz\/","og_site_name":"Architekturwoche Basel","article_modified_time":"2022-05-19T07:30:42+00:00","twitter_card":"summary_large_image","twitter_misc":{"Gesch\u00e4tzte Lesezeit":"10\u00a0Minuten"},"schema":{"@context":"https:\/\/schema.org","@graph":[{"@type":"WebPage","@id":"https:\/\/architekturwochebasel.ch\/2022\/datenschutz\/","url":"https:\/\/architekturwochebasel.ch\/2022\/datenschutz\/","name":"Datenschutz - Architekturwoche Basel","isPartOf":{"@id":"https:\/\/architekturwochebasel.ch\/2022\/#website"},"datePublished":"2022-01-26T17:45:32+00:00","dateModified":"2022-05-19T07:30:42+00:00","breadcrumb":{"@id":"https:\/\/architekturwochebasel.ch\/2022\/datenschutz\/#breadcrumb"},"inLanguage":"de-CH","potentialAction":[{"@type":"ReadAction","target":["https:\/\/architekturwochebasel.ch\/2022\/datenschutz\/"]}]},{"@type":"BreadcrumbList","@id":"https:\/\/architekturwochebasel.ch\/2022\/datenschutz\/#breadcrumb","itemListElement":[{"@type":"ListItem","position":1,"name":"Home","item":"https:\/\/architekturwochebasel.ch\/2022\/en\/home\/"},{"@type":"ListItem","position":2,"name":"Datenschutz"}]},{"@type":"WebSite","@id":"https:\/\/architekturwochebasel.ch\/2022\/#website","url":"https:\/\/architekturwochebasel.ch\/2022\/","name":"Architekturwoche Basel","description":"Die neue biennale Plattform f\u00fcr Architektur und Stadtentwicklung","potentialAction":[{"@type":"SearchAction","target":{"@type":"EntryPoint","urlTemplate":"https:\/\/architekturwochebasel.ch\/2022\/?s={search_term_string}"},"query-input":"required name=search_term_string"}],"inLanguage":"de-CH"}]}},"_links":{"self":[{"href":"https:\/\/architekturwochebasel.ch\/2022\/wp-json\/wp\/v2\/pages\/45","targetHints":{"allow":["GET"]}}],"collection":[{"href":"https:\/\/architekturwochebasel.ch\/2022\/wp-json\/wp\/v2\/pages"}],"about":[{"href":"https:\/\/architekturwochebasel.ch\/2022\/wp-json\/wp\/v2\/types\/page"}],"author":[{"embeddable":true,"href":"https:\/\/architekturwochebasel.ch\/2022\/wp-json\/wp\/v2\/users\/1"}],"replies":[{"embeddable":true,"href":"https:\/\/architekturwochebasel.ch\/2022\/wp-json\/wp\/v2\/comments?post=45"}],"version-history":[{"count":3,"href":"https:\/\/architekturwochebasel.ch\/2022\/wp-json\/wp\/v2\/pages\/45\/revisions"}],"predecessor-version":[{"id":3190,"href":"https:\/\/architekturwochebasel.ch\/2022\/wp-json\/wp\/v2\/pages\/45\/revisions\/3190"}],"wp:attachment":[{"href":"https:\/\/architekturwochebasel.ch\/2022\/wp-json\/wp\/v2\/media?parent=45"}],"curies":[{"name":"wp","href":"https:\/\/api.w.org\/{rel}","templated":true}]}}